{"id":11330,"date":"2022-08-20T08:34:50","date_gmt":"2022-08-20T06:34:50","guid":{"rendered":"https:\/\/highest-darmstadt.de\/?page_id=11330"},"modified":"2023-03-31T13:41:09","modified_gmt":"2023-03-31T11:41:09","slug":"innoday2022","status":"publish","type":"page","link":"https:\/\/highest-darmstadt.de\/de\/innoday2022\/","title":{"rendered":"#InnoDay2022"},"content":{"rendered":"\n                \n\n    <div id=\"stage-defaultblock_11886da9597b735f30ca282762f7b0cb\" class=\"container-fluid stage-default  stage-default\">\n                                                                                                                                                        <div class=\"container-fluid\">\n                        <div class=\"main-content\">\n                                                                                        <div class=\"row headline-line-to-end\">\n                                    <div class=\"col-12 offset-lg-2 col-lg-10\">\n                                        <h1 class=\"headline\">\n                                            Start-up &#038; Innovation Day 2022                                        <\/h1>\n                                    <\/div>\n                                <\/div>\n                                                                                <\/div>\n                    <\/div>\n                                    \n                                                                                                    \n                                        \n                                            <div class=\"text-box bg-medium-blue\">\n                            <div class=\"container-fluid\">\n                                <div class=\"main-content\">\n                                    <div class=\"row\">\n                                        <div class=\"col-12 offset-lg-2 col-lg-8\">\n                                                                                            <div class=\"copy\">\n                                                    <p>\n                                                        Wir sind Vertraute und Weggef\u00e4hrten. Wir sind eine Bank! Und eine Br\u00fccke. Was uns antreibt? Die Neugier auf und Begeisterung f\u00fcr eure Ideen und Ziele! Gemeinsam der Welt zu zeigen, dass Innovation aus Darmstadt kommt. <br \/>\r\n                                                    <\/p>\n                                                <\/div>\n                                                                                                                                <\/div>\n                                    <\/div>\n                                <\/div>\n                            <\/div>\n                        <\/div>\n                                                                                                                                \n                                                                                                                                                                <div class=\"media-container slider-container\">\n                            <div class=\"stage-slider-wrapper main-content\">\n                                <div class=\"slider-default-stage\">\n                                                                                                                                                                <div class=\"slide\">\n                                                <div class=\"row\">\n                                                    <div class=\"col-12 media-content\">\n                                                                                                                    <img decoding=\"async\" loading=\"lazy\" src=\"https:\/\/highest-darmstadt.de\/wp-content\/uploads\/2022\/05\/Sponsoring.png\" alt=\"Ideenwettbewerb 2022 Sponsoring\">\n                                                                                                            <\/div>\n                                                <\/div>\n                                            <\/div>\n                                                                                                                                                    <\/div>\n                                                            <\/div>\n                        <\/div>\n\n                    \n                                            <div class=\"text-box bg-medium-blue\">\n                            <div class=\"container-fluid\">\n                                <div class=\"main-content\">\n                                    <div class=\"row\">\n                                        <div class=\"col-12 offset-lg-2 col-lg-8\">\n                                                                                            <div class=\"copy\">\n                                                    <p>\n                                                        Wie kreative Ideen und innovative Forschungsergebnisse zu starken Start-ups werden, dies zeigt der 6. Start-up &#038; Innovation Day am 20. Oktober 2022 im Kongresszentrum darmstadtium. \u00dcber 80 Start-ups und Innovationsprojekte von Wissenschaftler:innen pr\u00e4sentieren ihre Ideen und Produkte dem \u00d6kosystem der Region Frankfurt-Rhein-Main-Neckar. Auch Unternehmen, Investoren sowie Institutionen mit Gr\u00fcndungsfokus werden mit Messest\u00e4nden und Aktionen vertreten sein. <br \/>\r\nNeben der Pr\u00e4senzmesse mit Pitch Corner und TOP Speakern plant HIGHEST \u2013 das Innovations- und Gr\u00fcndungszentrum der TU Darmstadt eine digitale Austauschplattform. Als ein Keynote-Speaker wird Tom Pl\u00fcmmer von dem bekannten Start-up Wingcopter \u00fcber sein Erfolgsrezept als Gr\u00fcnder berichten. Moderiert wird die Veranstaltung von Professorin Carolin Bock, Fachgebietsleiterin Entrepreneurship. Au\u00dferdem findet das Finale des TU-Ideenwettbewerbs dort statt. \u201eAuch 2022 zeigt der InnoDay die enorme Innovationskraft unserer Region, macht die neuartigen Produkte und Dienstleistungen aus Forschung und Wissenschaft vor Ort und virtuell erlebbar\u201c, sagt Harald Holzer, Gesch\u00e4ftsf\u00fchrer des Innovations- und Gr\u00fcndungszentrums HIGHEST der Technischen Universit\u00e4t Darmstadt.                                                    <\/p>\n                                                <\/div>\n                                                                                                                                <\/div>\n                                    <\/div>\n                                <\/div>\n                            <\/div>\n                        <\/div>\n                                                            <\/div>\n\n\n\n\n            \n        <section class=\"container-fluid teaser teaser-text-img-left  \">\n            <div class=\"inner-container shorten\">\n                <div class=\"container-fluid teaser-content\">\n                    <div class=\"main-content\">\n                        <div class=\"row content\">\n                                                            <div class=\"col col-lg-6 image-wrapper  col-xxl-5\">\n                                    <img decoding=\"async\" loading=\"lazy\" class=\"teaser-image\" src=\"https:\/\/highest-darmstadt.de\/wp-content\/uploads\/2022\/04\/klein-HIGHEST_grossaufnahmen_de-0544.jpg\" alt=\"Harald Holzer im Austausch mit Studierenden\">\n                                <\/div>\n                                                        <div class=\"col col-lg-6 text-content col-xxl-6 offset-xxl-1\">\n                                                                    <div class=\"headline-wrapper\">\n                                        <h2 class=\"h2\">\n                                            Berater mit Power                                        <\/h2>\n                                    <\/div>\n                                                                                                    <div class=\"text-wrapper\">\n                                        <p><span style=\"font-weight: 400;\">HIGHEST ist Berater, Connector und M\u00f6glichmacher. Das Verbindungsst\u00fcck zwischen Wissenschaft und Wirtschaft. Von Fr\u00fchphase \u00fcber Patent bis Start-up \u2013 und dar\u00fcber hinaus.\u00a0 Sowohl f\u00fcr Studierende und Forschende, als auch f\u00fcr innovationsbegeisterte Unternehmen.\u00a0<\/span><\/p>\n                                    <\/div>\n                                                                                                    <div class=\"button-wrapper\">\n                                        <a class=\"button button-primary\" href=\"https:\/\/highest-darmstadt.de\/de\/ueber-uns\/team\/\" title=\"Zur Beratung\" target=\"_blank\">Zur Beratung<\/a>\n                                    <\/div>\n                                                                                            <\/div>\n                        <\/div>\n                    <\/div>\n                <\/div>\n            <\/div>\n        <\/section>\n\n    \n\n\n\n\n<section id=\"text-checkpoints-block-block_5adffaa96ac079232919f28f1c89b171\" class=\"text-checkpoints  text-checkpoints-block\">\n    <div class=\"container-fluid outer\">\n        <div class=\"inner-container\">\n            <div class=\"container-fluid\">\n                <div class=\"main-content\">\n\n                    <div class=\"row\">\n                        <div class=\"col-md-2 col-sm-12\">\n                            <div class=\"green-line\"><\/div>\n                        <\/div>\n                                                    <div class=\"col-md-10 col-sm-12\">\n                                <h2 class=\"headline-with-line\">\n                                    Klare Haltung                                <\/h2>\n                            <\/div>\n                                            <\/div>\n\n                                            <div class=\"row\">\n                            <div class=\"col offset-md-2\">\n                                                                    <h4>\n                                        Wir wollen dabei sein, wenn Gro\u00dfartiges entsteht. Heute, morgen und auch noch in 10 Jahren.<br \/>\r\n                                    <\/h4>\n                                                                                                    <a class=\"button button-primary\" href=\"https:\/\/highest-darmstadt.de\/de\/ueber-uns\/positionierung\/\" title=\"Positionierung\" >Positionierung<\/a>\n                                                            <\/div>\n                        <\/div>\n                    \n                                            <div class=\"text-checkpoints-container bg-dark-blue\">\n                            <div class=\"main-content\">\n                                <div class=\"row\">\n                                                                            <div class=\"col-12 col-md-6 col-xxl-5 offset-xxl-2\">\n                                            <span class=\"check-container\"><\/span>\n                                            HIGHEST ist Berater, Connector und M\u00f6glichmacher. Das Verbindungsst\u00fcck zwischen Wissenschaft und Wirtschaft.                                        <\/div>\n                                                                            <div class=\"col-12 col-md-6 col-xxl-5 \">\n                                            <span class=\"check-container\"><\/span>\n                                             Bei HIGHEST beginnt fr\u00fchestm\u00f6glich mit der Sensibilisierung und Beratung von Studierenden und Forschenden.                                        <\/div>\n                                                                            <div class=\"col-12 col-md-6 col-xxl-5 offset-xxl-2\">\n                                            <span class=\"check-container\"><\/span>\n                                            HIGHEST ber\u00e4t auf Augenh\u00f6he, nicht via E-Mail oder Hotline. Sondern individuell und pers\u00f6nlich.                                        <\/div>\n                                                                            <div class=\"col-12 col-md-6 col-xxl-5 \">\n                                            <span class=\"check-container\"><\/span>\n                                            In erster Linie ist HIGHEST ein Berater. Jedoch auch Connector und M\u00f6glichmacher.                                        <\/div>\n                                                                            <div class=\"col-12 col-md-6 col-xxl-5 offset-xxl-2\">\n                                            <span class=\"check-container\"><\/span>\n                                            Mit dem klaren Ziel, unseren Studierenden und Forschenden den Weg zum Durchbruch zu erleichtern und der Welt zu zeigen: Tech-Innovation kommt aus Darmstadt.                                        <\/div>\n                                                                    <\/div>\n                            <\/div>\n                        <\/div>\n                    \n                                            <div class=\"row text-checkpoints-img-container\">\n                            <div class=\"col offset-xxl-2\">\n                                <img decoding=\"async\" loading=\"lazy\" src=\"https:\/\/highest-darmstadt.de\/wp-content\/uploads\/2022\/04\/Platz-scaled.jpeg\" alt=\"Stadtmitte Darmstadt, Luisenplatz mit langer Ludwig, Darmstadt;\">\n                            <\/div>\n                        <\/div>\n                    \n                <\/div>\n            <\/div>\n        <\/div>\n    <\/div>\n<\/section>\n\n\n\n\n<section id=\"two-column-benefits-block-block_e72d728bb4b2db5c64ef0534fae1f9c8\" class=\"container-fluid outer two-column-benefits  two-column-benefits-block\">\n    <div class=\"inner-container\">\n        <div class=\"container-fluid\">\n            <div class=\"main-content\">\n                <div class=\"row benefits-container flex-nowrap-xxl\">\n\n                    <div class=\"col-xxl-6 col-lg-5 col-sm-12 left\">\n                                                    <h3>HIGHEST Zahlen<\/h3>\n                                                                            <div class=\"content\">\n                                <p>Guck uns unter die Haube: Wer macht was seit wann? Eine Aufz\u00e4hlung unserer beeindruckendsten Leistungen.<\/p>\n                                                                    <p><a class=\"textlink\" href=\"https:\/\/highest-darmstadt.de\/de\/ueber-uns\/daten-und-fakten\/\" title=\"Mehr erfahren\" >Mehr erfahren<\/a>\n                                    <\/p>\n                                                            <\/div>\n                        \n                    <\/div>\n\n                    \n\n                                                <div class=\"col-xxl-6 offset-xxl-1 col-lg-6 offset-lg-1 col-sm-12 right\">\n                        <div class=\"benefits-row-container\">\n                                                            <div class=\"benefit-row\">\n                                    <div class=\"col-lg-10 col-sm-6 benefit-info-container\">\n                                        <div class=\"col benefit-data\">\n                                            <span>18<\/span>\n                                        <\/div>\n                                        <div class=\"col benefit-fact\">\n                                            <p>Gr\u00fcndungen p.a \u00d8<\/p>\n                                        <\/div>\n                                    <\/div>\n                                    <div class=\"col-lg-2 col-sm-6 benefit-icon\">\n                                        <div class=\"icon-wrapper\">\n                                            <span class=\"icon icon-startup\"><\/span>\n                                        <\/div>\n                                    <\/div>\n                                <\/div>\n                                                            <div class=\"benefit-row\">\n                                    <div class=\"col-lg-10 col-sm-6 benefit-info-container\">\n                                        <div class=\"col benefit-data\">\n                                            <span>604<\/span>\n                                        <\/div>\n                                        <div class=\"col benefit-fact\">\n                                            <p>Patente und Patentanmeldungen<\/p>\n                                        <\/div>\n                                    <\/div>\n                                    <div class=\"col-lg-2 col-sm-6 benefit-icon\">\n                                        <div class=\"icon-wrapper\">\n                                            <span class=\"icon icon-patent\"><\/span>\n                                        <\/div>\n                                    <\/div>\n                                <\/div>\n                                                            <div class=\"benefit-row\">\n                                    <div class=\"col-lg-10 col-sm-6 benefit-info-container\">\n                                        <div class=\"col benefit-data\">\n                                            <span>10<\/span>\n                                        <\/div>\n                                        <div class=\"col benefit-fact\">\n                                            <p>\u20ac Mio. F\u00f6rdergelder<\/p>\n                                        <\/div>\n                                    <\/div>\n                                    <div class=\"col-lg-2 col-sm-6 benefit-icon\">\n                                        <div class=\"icon-wrapper\">\n                                            <span class=\"icon icon-promotion\"><\/span>\n                                        <\/div>\n                                    <\/div>\n                                <\/div>\n                                                    <\/div>\n                    <\/div>\n                \n                \n                \n\n                        <\/div>\n                <\/div>\n\n    <\/div>\n    <\/div>\n<\/section>\n\n\n\n    <section id=\"teaser-two-column-block_c7be3f3d2ac027051694550761de3b09\" class=\"teaser-two-column teaser-two-column\">\n        <div class=\"container-fluid outer\">\n            <div class=\"inner-container\">\n                <div class=\"container-fluid\">\n                    <div class=\"teaser-two-column-outter-container\">\n                                                                                <div class=\"teaser-two-column-container bg-medium-blue\">\n                                                                    <div class=\"img-content\">\n                                        <div class=\"img\">\n                                                                                            <a href=\"https:\/\/highest-darmstadt.de\/de\/ueber-uns\/highestexperts\/\" title=\"mehr erfahren\"><img decoding=\"async\" loading=\"lazy\" src=\"https:\/\/highest-darmstadt.de\/wp-content\/uploads\/2022\/04\/klein_HIGHEST_grossaufnahmen_de-3695.jpg\" alt=\"Mentor Guenter Kraft im Gespr\u00e4ch mit HOPES\"><\/a>\n                                                                                    <\/div>\n                                    <\/div>\n                                                                                                    <h3>\n                                        HIGHEST Experts                                     <\/h3>\n                                                                                                    <a class=\"button button-outline\" href=\"https:\/\/highest-darmstadt.de\/de\/ueber-uns\/highestexperts\/\" title=\"mehr erfahren\" >mehr erfahren<\/a>\n                                                            <\/div>\n                                                                                <div class=\"teaser-two-column-container bg-medium-blue\">\n                                                                    <div class=\"img-content\">\n                                        <div class=\"img\">\n                                                                                            <a href=\"https:\/\/highest-darmstadt.de\/de\/ueber-uns\/highestexperts\/\" title=\"mehr erfahren\"><img decoding=\"async\" loading=\"lazy\" src=\"https:\/\/highest-darmstadt.de\/wp-content\/uploads\/2022\/04\/AdobeStock_334375393.jpeg\" alt=\"Gemeinsam stark\"><\/a>\n                                                                                    <\/div>\n                                    <\/div>\n                                                                                                    <h3>\n                                        Netzwerk                                    <\/h3>\n                                                                                                    <a class=\"button button-outline\" href=\"https:\/\/highest-darmstadt.de\/de\/ueber-uns\/highestexperts\/\" title=\"mehr erfahren\" >mehr erfahren<\/a>\n                                                            <\/div>\n                                            <\/div>\n                <\/div>\n            <\/div>\n        <\/div>\n    <\/section>\n\n\n","protected":false},"excerpt":{"rendered":"","protected":false},"author":3,"featured_media":0,"parent":0,"menu_order":0,"comment_status":"closed","ping_status":"closed","template":"","meta":{"_acf_changed":false,"inline_featured_image":false,"footnotes":""},"class_list":["post-11330","page","type-page","status-publish","hentry"],"acf":[],"_links":{"self":[{"href":"https:\/\/highest-darmstadt.de\/de\/wp-json\/wp\/v2\/pages\/11330","targetHints":{"allow":["GET"]}}],"collection":[{"href":"https:\/\/highest-darmstadt.de\/de\/wp-json\/wp\/v2\/pages"}],"about":[{"href":"https:\/\/highest-darmstadt.de\/de\/wp-json\/wp\/v2\/types\/page"}],"author":[{"embeddable":true,"href":"https:\/\/highest-darmstadt.de\/de\/wp-json\/wp\/v2\/users\/3"}],"replies":[{"embeddable":true,"href":"https:\/\/highest-darmstadt.de\/de\/wp-json\/wp\/v2\/comments?post=11330"}],"version-history":[{"count":7,"href":"https:\/\/highest-darmstadt.de\/de\/wp-json\/wp\/v2\/pages\/11330\/revisions"}],"predecessor-version":[{"id":30036,"href":"https:\/\/highest-darmstadt.de\/de\/wp-json\/wp\/v2\/pages\/11330\/revisions\/30036"}],"wp:attachment":[{"href":"https:\/\/highest-darmstadt.de\/de\/wp-json\/wp\/v2\/media?parent=11330"}],"curies":[{"name":"wp","href":"https:\/\/api.w.org\/{rel}","templated":true}]}}