{"id":23832,"date":"2024-04-30T09:53:14","date_gmt":"2024-04-30T07:53:14","guid":{"rendered":"https:\/\/highest-darmstadt.de\/?page_id=23832"},"modified":"2024-04-30T13:34:59","modified_gmt":"2024-04-30T11:34:59","slug":"how-to-win-at-tu-ideenwettbewerb-thinc-meets-highest","status":"publish","type":"page","link":"https:\/\/highest-darmstadt.de\/de\/event\/how-to-win-at-tu-ideenwettbewerb-thinc-meets-highest\/","title":{"rendered":"How to Win at TU-Ideenwettbewerb &#8211; thinc! meets HIGHEST"},"content":{"rendered":"\n\n\n\n\n<section id=\"event-info-block_e018da1bd43d48ac71b4ab6f3254a7ef\" class=\"container-fluid outer events stage event-info\">\n    <div class=\"inner-container\">\n        <div class=\"container-fluid bg-medium-blue\">\n            <div class=\"stage-wrapper main-content\">\n                <div class=\"green-line \"><\/div>\n                <div class=\"col-12\">\n                    <div class=\"arrow-wrapper-2\">\n                        <a href=\"https:\/\/highest-darmstadt.de\/de\/events\/\"><span class=\"icon icon-arrow-line\"><\/span><\/a>\n                    <\/div>\n                    <div class=\"row\">\n                        <div class=\"col-sm-0 col-lg-2\"><\/div>\n                        <div class=\"col-sm-12 col-lg-8 content-stage-events\">\n                            <div class=\"row arrow-wrapper\">\n                                <div class=\"col-12 col-xl pl-0\">\n                                    <a href=\"https:\/\/highest-darmstadt.de\/de\/events\/\"><span class=\"icon icon-arrow-line\"><\/span><\/a>\n                                <\/div>\n                            <\/div>\n                            <div class=\"row tag-wrapper\">\n                                <div class=\"col-12 pl-0 col-xl tag-content\">\n                                                                            <p class=\"keyword categorie-label\">\n                                            <span>Workshop<\/span>\n                                        <\/p>\n                                                                    <\/div>\n                            <\/div>\n                            <div class=\"row stage-headline\">\n                                <div class=\"col-12 pl-0 pr-0\">\n                                    <h1 class=\"h1\">\n                                        How to Win at TU-Ideenwettbewerb &#8211; thinc! meets HIGHEST                                    <\/h1>\n                                <\/div>\n                                <div class=\"col-12 pl-0 pr-0\">\n                                                                        <a href=\"https:\/\/highest-darmstadt.de\/de\/feed\/calendar\/?id=23829\" class=\"button button-primary\" target=\"_blank\">Termin merken<\/a>\n                                <\/div>\n                            <\/div>\n                        <\/div>\n                        <div class=\"col-sm-0 col-lg-2\"><\/div>\n                    <\/div>\n                <\/div>\n            <\/div>\n        <\/div>\n    <\/div>\n\n                    <div class=\"media-container slider-container\">\n            <div class=\"stage-slider-wrapper main-content\">\n                <div class=\"slider-default-stage\">\n                                                                                                                        <div class=\"slide\">\n                                <div class=\"row\">\n                                    <div class=\"col-12 media-content\">\n                                                                                    <img decoding=\"async\" class=\"slider-image\" loading=\"lazy\" src=\"https:\/\/highest-darmstadt.de\/wp-content\/uploads\/2024\/04\/k_Bild-385-Kopie.jpg\" alt=\"Foto TU Ideenwettbewerb mit Uljana, Catalina und Alex (hiwis von HIGHEST)\">\n                                                                            <\/div>\n                                <\/div>\n                            <\/div>\n                                                                                    <\/div>\n                                    <div class=\"gradient-wrapper\">\n                        <div class=\"custom-pager\">\n                            <div class=\"more prev-stage\">\n                                <span><span class=\"icon icon-arrow\"><\/span><\/span>\n                            <\/div>\n                            <span class=\"max-slides\"><\/span>\n                            <div class=\"more next-stage\">\n                                <span><span class=\"icon icon-arrow\"><\/span><\/span>\n                            <\/div>\n                        <\/div>\n                    <\/div>\n                            <\/div>\n        <\/div>\n    \n                    <div class=\"text-box bg-medium-blue bg-variation\">\n            <div class=\"container-fluid\">\n                <div class=\"main-content\">\n                    <div class=\"row\">\n                        <div class=\"col-12 offset-xl-2 col-xl-8\">\n                            <div class=\"list-wrap vertical-list\">\n                                <div class=\"list-items list-columns\">\n                                    <div class=\"list-item\">\n                                        <div class=\"header\">Wann?<\/div>\n\n                                        <div class=\"content\">\n                                            \n                                                                                                    <p class=\"next-event\">\n                                                        <span class=\"p date\">\n                                                            23.05.2024,\n                                                                                                                            10:00  &#8211;\n                                                                18:30 Uhr                                                                                                                                                                                                                                                                                                                                                                            <\/span>\n                                                    <\/p>\n\n                                                \n                                                                                    <\/div>\n\n                                    <\/div>\n\n\n                                    \n                                                                                                                                                            <div class=\"list-item\">\n                                                <div class=\"header\">Wo?<\/div>\n                                                <div class=\"content\">\n                                                    <p class=\"adress\">\n                                                        Karollinenplatz 5 Darmstadt                                                    <\/p>\n                                                                                                            <a class=\"textlink\" href=\"https:\/\/www.google.com\/maps?q=Karollinenplatz 5 Darmstadt\" title=\"Auf Google Maps zeigen\" target=\"_blank\">Auf Google Maps zeigen<\/a>\n                                                                                                    <\/div>\n                                            <\/div>\n                                                                            \n                                                                            <div class=\"list-item\">\n                                            <div class=\"header\">Art\/Kategorie<\/div>\n                                            <div class=\"content\">\n                                                <p>Workshop<\/p>\n                                            <\/div>\n                                        <\/div>\n                                    \n                                                                            <div class=\"list-item\">\n                                            <div class=\"header\">Veranstalter<\/div>\n                                            <div class=\"content\">\n                                                <p>\n                                                    HIGHEST, thinc!                                                <\/p>\n                                            <\/div>\n                                        <\/div>\n                                    \n                                                                                                                        <div class=\"list-item\">\n                                                <div class=\"header\">Anmeldefrist<\/div>\n                                                <div class=\"content\">\n                                                    <p>\n                                                        23.05.2024                                                    <\/p>\n                                                <\/div>\n                                            <\/div>\n                                                                                <div class=\"list-item\">\n                                            <div class=\"header\">Teilnahme<\/div>\n                                            <div class=\"content\">\n                                                <p>\n                                                                                                            Nicht mehr m\u00f6glich                                                    \n                                                <\/p>\n                                            <\/div>\n                                        <\/div>\n                                    \n                                <\/div>\n                            <\/div>\n                        <\/div>\n                    <\/div>\n                <\/section>\n\n\n\n    <section id=\"text-default-block-block_0df6c7bd807594dca9bf4b50d2fe3bd8\" class=\"container-fluid text-default text-default-block\">\n        <div class=\"inner-container\">\n            <div class=\"container-fluid\">\n                <div class=\"container\">\n                    <div class=\"row\">\n                        <div class=\"col col-sm-10 offset-sm-1 offset-lg-2 col-lg-8\">\n\n                            \n                                \n                                \n                                \n                                    \n                                    <div class=\"row text-wrapper container-69f57b5782bc5\">\n\n                                        \n                                            \n                                            \n                                            \n                                                                                                                                                                                                <div class=\"col text\">\n                                                        <p>Du m\u00f6chtest beim TU-Ideenwettbewerb durchstarten und deine Chance auf den Sieg erh\u00f6hen?<\/p>\n<p>Dann nutze die Gelegenheit am <strong>23.05.<\/strong>\u00a0an unserem intensiven Workshop teilzunehmen, der speziell darauf ausgerichtet ist, deine Anmeldung zu perfektionieren. Wir bieten dir exklusive Einblicke und professionelle Beratung, direkt von ehemaligen Teilnehmern und Gewinnern des Wettbewerbs. Diese Experten teilen ihre pers\u00f6nlichen Erfahrungen und strategischen Tipps mit dir, um deine Anmeldeunterlagen auf das n\u00e4chste Level zu heben.<\/p>\n<p>&nbsp;<\/p>\n<p><strong>Highlights des Workshops:<\/strong><\/p>\n<ul>\n<li><strong>Praxisnahe Beratung:<\/strong> Erhalte individuelles Feedback zu deiner Anmeldung und konkrete Verbesserungsvorschl\u00e4ge.<\/li>\n<li><strong>Erfahrungsaustausch:<\/strong> Lerne von den Erfahrungen ehemaliger Teilnehmer und Gewinner.<\/li>\n<li><strong>Netzwerkm\u00f6glichkeiten:<\/strong> Finde Teammitglieder oder kn\u00fcpfe wertvolle Kontakte, die dich auf deinem Weg unterst\u00fctzen k\u00f6nnen.<\/li>\n<\/ul>\n<p>Ob du noch auf der Suche nach einem Team bist oder bereits ein festes Ziel vor Augen hast, egal! Dieser Workshop wird deine F\u00e4higkeiten Dinge auf den Punkt zu bringen und verschiedenste Perspektiven einzubeziehen verbessern. Nutze die Chance, von den Besten zu lernen und deine Anmeldung zu optimieren!<\/p>\n<p><strong>Reserviere deinen Platz jetzt und starte durch beim #Ideenwettbewerb2024<\/strong><\/p>\n<p>&nbsp;<\/p>\n<p>LINK:\u00a0<a href=\"https:\/\/forms.gle\/AWegmG4dXzGpjvfP9\">https:\/\/forms.gle\/AWegmG4dXzGpjvfP9<\/a><\/p>\n                                                    <\/div>\n                                                                                            \n                                            \n                                        \n                                    <\/div>\n\n                                \n                                \n                            \n                                \n                                \n                                \n                                \n                                                                                                                <div class=\"row link-wrapper\">\n                                                                                            <div class=\"col button-content\">\n                                                    <a class=\"button button-primary\" href=\"https:\/\/forms.gle\/AWegmG4dXzGpjvfP9\" title=\"Anmeldung\" >Anmeldung<\/a>\n                                                <\/div>\n                                                                                                                                <\/div>\n                                    \n                                \n                            \n                        <\/div>\n                    <\/div>\n                <\/div>\n            <\/div>\n        <\/div>\n    <\/section>\n\n","protected":false},"excerpt":{"rendered":"","protected":false},"author":3,"featured_media":23844,"parent":753,"menu_order":0,"comment_status":"closed","ping_status":"closed","template":"page-event-detail.php","meta":{"_acf_changed":false,"inline_featured_image":false,"footnotes":""},"class_list":["post-23832","page","type-page","status-publish","has-post-thumbnail","hentry"],"acf":[],"_links":{"self":[{"href":"https:\/\/highest-darmstadt.de\/de\/wp-json\/wp\/v2\/pages\/23832","targetHints":{"allow":["GET"]}}],"collection":[{"href":"https:\/\/highest-darmstadt.de\/de\/wp-json\/wp\/v2\/pages"}],"about":[{"href":"https:\/\/highest-darmstadt.de\/de\/wp-json\/wp\/v2\/types\/page"}],"author":[{"embeddable":true,"href":"https:\/\/highest-darmstadt.de\/de\/wp-json\/wp\/v2\/users\/3"}],"replies":[{"embeddable":true,"href":"https:\/\/highest-darmstadt.de\/de\/wp-json\/wp\/v2\/comments?post=23832"}],"version-history":[{"count":5,"href":"https:\/\/highest-darmstadt.de\/de\/wp-json\/wp\/v2\/pages\/23832\/revisions"}],"predecessor-version":[{"id":23847,"href":"https:\/\/highest-darmstadt.de\/de\/wp-json\/wp\/v2\/pages\/23832\/revisions\/23847"}],"up":[{"embeddable":true,"href":"https:\/\/highest-darmstadt.de\/de\/wp-json\/wp\/v2\/pages\/753"}],"wp:featuredmedia":[{"embeddable":true,"href":"https:\/\/highest-darmstadt.de\/de\/wp-json\/wp\/v2\/media\/23844"}],"wp:attachment":[{"href":"https:\/\/highest-darmstadt.de\/de\/wp-json\/wp\/v2\/media?parent=23832"}],"curies":[{"name":"wp","href":"https:\/\/api.w.org\/{rel}","templated":true}]}}