{"id":34719,"date":"2026-02-19T14:03:05","date_gmt":"2026-02-19T13:03:05","guid":{"rendered":"https:\/\/highest-darmstadt.de\/?page_id=34719"},"modified":"2026-02-19T14:03:06","modified_gmt":"2026-02-19T13:03:06","slug":"tu-idea-talks-15-12-2026","status":"publish","type":"page","link":"https:\/\/highest-darmstadt.de\/de\/event\/tu-idea-talks-15-12-2026\/","title":{"rendered":"TU Idea Talks 15.12.2026"},"content":{"rendered":"\n\n\n\n\n<section id=\"event-info-block_d3fb916f2300d6ced0f4a14c0f463a94\" class=\"container-fluid outer events stage event-info\">\n    <div class=\"inner-container\">\n        <div class=\"container-fluid bg-medium-blue\">\n            <div class=\"stage-wrapper main-content\">\n                <div class=\"green-line \"><\/div>\n                <div class=\"col-12\">\n                    <div class=\"arrow-wrapper-2\">\n                        <a href=\"https:\/\/highest-darmstadt.de\/de\/events\/\"><span class=\"icon icon-arrow-line\"><\/span><\/a>\n                    <\/div>\n                    <div class=\"row\">\n                        <div class=\"col-sm-0 col-lg-2\"><\/div>\n                        <div class=\"col-sm-12 col-lg-8 content-stage-events\">\n                            <div class=\"row arrow-wrapper\">\n                                <div class=\"col-12 col-xl pl-0\">\n                                    <a href=\"https:\/\/highest-darmstadt.de\/de\/events\/\"><span class=\"icon icon-arrow-line\"><\/span><\/a>\n                                <\/div>\n                            <\/div>\n                            <div class=\"row tag-wrapper\">\n                                <div class=\"col-12 pl-0 col-xl tag-content\">\n                                                                            <p class=\"keyword categorie-label\">\n                                            <span>HIGHEST FAQ<\/span>\n                                        <\/p>\n                                                                    <\/div>\n                            <\/div>\n                            <div class=\"row stage-headline\">\n                                <div class=\"col-12 pl-0 pr-0\">\n                                    <h1 class=\"h1\">\n                                        TU Idea Talks 15.12.2026                                    <\/h1>\n                                <\/div>\n                                <div class=\"col-12 pl-0 pr-0\">\n                                                                        <a href=\"https:\/\/highest-darmstadt.de\/de\/feed\/calendar\/?id=34718\" class=\"button button-primary\" target=\"_blank\">Termin merken<\/a>\n                                <\/div>\n                            <\/div>\n                        <\/div>\n                        <div class=\"col-sm-0 col-lg-2\"><\/div>\n                    <\/div>\n                <\/div>\n            <\/div>\n        <\/div>\n    <\/div>\n\n                    <div class=\"media-container slider-container\">\n            <div class=\"stage-slider-wrapper main-content\">\n                <div class=\"slider-default-stage\">\n                                                                                                                        <div class=\"slide\">\n                                <div class=\"row\">\n                                    <div class=\"col-12 media-content\">\n                                                                                    <img decoding=\"async\" class=\"slider-image\" loading=\"lazy\" src=\"https:\/\/highest-darmstadt.de\/wp-content\/uploads\/2026\/02\/Keyvisual-Wordpress-teaser-foto-1080x720-px.png\" >\n                                                                            <\/div>\n                                <\/div>\n                            <\/div>\n                                                                                    <\/div>\n                                    <div class=\"gradient-wrapper\">\n                        <div class=\"custom-pager\">\n                            <div class=\"more prev-stage\">\n                                <span><span class=\"icon icon-arrow\"><\/span><\/span>\n                            <\/div>\n                            <span class=\"max-slides\"><\/span>\n                            <div class=\"more next-stage\">\n                                <span><span class=\"icon icon-arrow\"><\/span><\/span>\n                            <\/div>\n                        <\/div>\n                    <\/div>\n                            <\/div>\n        <\/div>\n    \n                    <div class=\"text-box bg-medium-blue bg-variation\">\n            <div class=\"container-fluid\">\n                <div class=\"main-content\">\n                    <div class=\"row\">\n                        <div class=\"col-12 offset-xl-2 col-xl-8\">\n                            <div class=\"list-wrap vertical-list\">\n                                <div class=\"list-items list-columns\">\n                                    <div class=\"list-item\">\n                                        <div class=\"header\">Wann?<\/div>\n\n                                        <div class=\"content\">\n                                            \n                                                                                                    <p class=\"next-event\">\n                                                        <span class=\"p date\">\n                                                            15.12.2026,\n                                                                                                                            15:00  &#8211;\n                                                                16:00 Uhr                                                                                                                                                                                                                                                                                                                                                                            <\/span>\n                                                    <\/p>\n\n                                                \n                                                                                    <\/div>\n\n                                    <\/div>\n\n\n                                    \n                                                                                                                <div class=\"list-item\">\n                                            <div class=\"header\">Wo?<\/div>\n                                            <div class=\"content\">\n                                                <p class=\"adress\">\n                                                                                                            Online                                                                                                    <\/p>\n                                            <\/div>\n                                        <\/div>\n                                    \n                                                                            <div class=\"list-item\">\n                                            <div class=\"header\">Art\/Kategorie<\/div>\n                                            <div class=\"content\">\n                                                <p>HIGHEST FAQ<\/p>\n                                            <\/div>\n                                        <\/div>\n                                    \n                                                                            <div class=\"list-item\">\n                                            <div class=\"header\">Veranstalter<\/div>\n                                            <div class=\"content\">\n                                                <p>\n                                                    HIGHEST                                                <\/p>\n                                            <\/div>\n                                        <\/div>\n                                    \n                                                                                                                        <div class=\"list-item\">\n                                                <div class=\"header\">Anmeldefrist<\/div>\n                                                <div class=\"content\">\n                                                    <p>\n                                                        15.12.2026                                                    <\/p>\n                                                <\/div>\n                                            <\/div>\n                                                                                <div class=\"list-item\">\n                                            <div class=\"header\">Teilnahme<\/div>\n                                            <div class=\"content\">\n                                                <p>\n                                                                                                            \n                                                                                                                                                                                    Mit <a href=\"https:\/\/www.highway.tu-darmstadt.de\/forms\/my-forms\/from-tuda-to-startup-deine-fragen-unsere-antworten-2026\/ewxo7gOxNq\" title=\"Anmeldung\">Anmeldung<\/a>                                                                                                                                                                        \n                                                <\/p>\n                                            <\/div>\n                                        <\/div>\n                                    \n                                <\/div>\n                            <\/div>\n                        <\/div>\n                    <\/div>\n                <\/section>\n\n\n\n    <section id=\"text-default-block-block_fa0db9dd44bb9b795c011ce7866d87b8\" class=\"container-fluid text-default text-default-block\">\n        <div class=\"inner-container\">\n            <div class=\"container-fluid\">\n                <div class=\"container\">\n                    <div class=\"row\">\n                        <div class=\"col col-sm-10 offset-sm-1 offset-lg-2 col-lg-8\">\n\n                            \n                                                                                                        <header class=\"row headline-wrapper\">\n                                        <div class=\"col\">\n                                            <h2 class=\"h2\">\n                                                TU Idea Talks \u2013 Deine Fragen, unser Sparing! \ud83d\ude80                                            <\/h2>\n                                        <\/div>\n                                    <\/header>\n                                \n                                \n                                \n                                \n                            \n                                \n                                \n                                \n                                    \n                                    <div class=\"row text-wrapper container-69e619ea210fb\">\n\n                                        \n                                            \n                                            \n                                            \n                                                                                                                                                                                                <div class=\"col text\">\n                                                        <p>Du hast eine spannende Idee, aber wei\u00dft nicht, wie du daraus ein Start-up machst? Du m\u00f6chtest gr\u00fcnden, hast aber noch offene Fragen zu Finanzierung, Business Modellen oder rechtlichen Aspekten? Dann ist unsere <strong>monatliche Online-Sprechstunde<\/strong> genau das Richtige f\u00fcr dich!<\/p>\n<p>In <strong>\u201eTU Idea Talks \u2013 Deine Fragen, unser Sparing\u201c<\/strong> geben dir die Expert:innen von <strong>HIGHEST<\/strong>, dem Innovations- und Gr\u00fcndungszentrum der TU Darmstadt, wertvolle Einblicke in den Gr\u00fcndungsprozess. Egal, ob du gerade erst mit dem Gedanken spielst oder schon mitten in der Umsetzung bist \u2013 wir beantworten <strong>live<\/strong> deine Fragen!<\/p>\n<p>\ud83d\udd39 <strong>Wann?<\/strong> Einmal im Monat via Zoom: 15. Dezember 2026 um 15 Uhr<br \/>\n\ud83d\udd39 <strong>F\u00fcr wen?<\/strong> Studierende &amp; Wissenschaftler:innen der TU Darmstadt<br \/>\n\ud83d\udd39 <strong>Warum dabei sein?<\/strong> Praxisnahe Insights, direkte Antworten, wertvolle Kontakte<\/p>\n<p>Melde dich jetzt an und bring deine Fragen mit \u2013 wir helfen dir, den n\u00e4chsten Schritt auf deinem Weg zum eigenen Startup zu gehen! \ud83d\ude80\ud83d\udca1<\/p>\n                                                    <\/div>\n                                                                                            \n                                            \n                                        \n                                    <\/div>\n\n                                \n                                \n                            \n                                \n                                \n                                \n                                \n                                                                                                                <div class=\"row link-wrapper\">\n                                                                                            <div class=\"col button-content\">\n                                                    <a class=\"button button-primary\" href=\"https:\/\/www.highway.tu-darmstadt.de\/forms\/my-forms\/from-tuda-to-startup-deine-fragen-unsere-antworten-2026\/ewxo7gOxNq\" title=\"Anmeldung\" >Anmeldung<\/a>\n                                                <\/div>\n                                                                                                                                <\/div>\n                                    \n                                \n                            \n                        <\/div>\n                    <\/div>\n                <\/div>\n            <\/div>\n        <\/div>\n    <\/section>\n\n","protected":false},"excerpt":{"rendered":"","protected":false},"author":6,"featured_media":34388,"parent":753,"menu_order":0,"comment_status":"closed","ping_status":"closed","template":"","meta":{"_acf_changed":false,"inline_featured_image":false,"footnotes":""},"class_list":["post-34719","page","type-page","status-publish","has-post-thumbnail","hentry"],"acf":[],"_links":{"self":[{"href":"https:\/\/highest-darmstadt.de\/de\/wp-json\/wp\/v2\/pages\/34719","targetHints":{"allow":["GET"]}}],"collection":[{"href":"https:\/\/highest-darmstadt.de\/de\/wp-json\/wp\/v2\/pages"}],"about":[{"href":"https:\/\/highest-darmstadt.de\/de\/wp-json\/wp\/v2\/types\/page"}],"author":[{"embeddable":true,"href":"https:\/\/highest-darmstadt.de\/de\/wp-json\/wp\/v2\/users\/6"}],"replies":[{"embeddable":true,"href":"https:\/\/highest-darmstadt.de\/de\/wp-json\/wp\/v2\/comments?post=34719"}],"version-history":[{"count":1,"href":"https:\/\/highest-darmstadt.de\/de\/wp-json\/wp\/v2\/pages\/34719\/revisions"}],"predecessor-version":[{"id":34720,"href":"https:\/\/highest-darmstadt.de\/de\/wp-json\/wp\/v2\/pages\/34719\/revisions\/34720"}],"up":[{"embeddable":true,"href":"https:\/\/highest-darmstadt.de\/de\/wp-json\/wp\/v2\/pages\/753"}],"wp:featuredmedia":[{"embeddable":true,"href":"https:\/\/highest-darmstadt.de\/de\/wp-json\/wp\/v2\/media\/34388"}],"wp:attachment":[{"href":"https:\/\/highest-darmstadt.de\/de\/wp-json\/wp\/v2\/media?parent=34719"}],"curies":[{"name":"wp","href":"https:\/\/api.w.org\/{rel}","templated":true}]}}