{"id":34812,"date":"2026-02-22T17:53:48","date_gmt":"2026-02-22T16:53:48","guid":{"rendered":"https:\/\/highest-darmstadt.de\/?page_id=34812"},"modified":"2026-03-12T13:07:52","modified_gmt":"2026-03-12T12:07:52","slug":"faq-exist-women-23-03-2026","status":"publish","type":"page","link":"https:\/\/highest-darmstadt.de\/de\/event\/faq-exist-women-23-03-2026\/","title":{"rendered":"FAQ &#8211; EXIST Women 23.03.2026"},"content":{"rendered":"\n\n\n\n\n<section id=\"event-info-block_65544fa923ef92fde8b73c9722af9f27\" class=\"container-fluid outer events stage event-info\">\n    <div class=\"inner-container\">\n        <div class=\"container-fluid bg-medium-blue\">\n            <div class=\"stage-wrapper main-content\">\n                <div class=\"green-line no-category\"><\/div>\n                <div class=\"col-12\">\n                    <div class=\"arrow-wrapper-2\">\n                        <a href=\"https:\/\/highest-darmstadt.de\/de\/events\/\"><span class=\"icon icon-arrow-line\"><\/span><\/a>\n                    <\/div>\n                    <div class=\"row\">\n                        <div class=\"col-sm-0 col-lg-2\"><\/div>\n                        <div class=\"col-sm-12 col-lg-8 content-stage-events\">\n                            <div class=\"row arrow-wrapper\">\n                                <div class=\"col-12 col-xl pl-0\">\n                                    <a href=\"https:\/\/highest-darmstadt.de\/de\/events\/\"><span class=\"icon icon-arrow-line\"><\/span><\/a>\n                                <\/div>\n                            <\/div>\n                            <div class=\"row tag-wrapper\">\n                                <div class=\"col-12 pl-0 col-xl tag-content\">\n                                                                    <\/div>\n                            <\/div>\n                            <div class=\"row stage-headline\">\n                                <div class=\"col-12 pl-0 pr-0\">\n                                    <h1 class=\"h1\">\n                                        FAQ &#8211; EXIST Women 23.03.2026                                    <\/h1>\n                                <\/div>\n                                <div class=\"col-12 pl-0 pr-0\">\n                                                                        <a href=\"https:\/\/highest-darmstadt.de\/de\/feed\/calendar\/?id=&#038;multiple\" class=\"button button-primary\" target=\"_blank\">Termin merken<\/a>\n                                <\/div>\n                            <\/div>\n                        <\/div>\n                        <div class=\"col-sm-0 col-lg-2\"><\/div>\n                    <\/div>\n                <\/div>\n            <\/div>\n        <\/div>\n    <\/div>\n\n                    <div class=\"media-container slider-container\">\n            <div class=\"stage-slider-wrapper main-content\">\n                <div class=\"slider-default-stage\">\n                                                                                                                        <div class=\"slide\">\n                                <div class=\"row\">\n                                    <div class=\"col-12 media-content\">\n                                                                                    <img decoding=\"async\" class=\"slider-image\" loading=\"lazy\" src=\"https:\/\/highest-darmstadt.de\/wp-content\/uploads\/2025\/01\/Design-ohne-Titel-3.png\" alt=\"Keyvisual Female Founder\">\n                                                                            <\/div>\n                                <\/div>\n                            <\/div>\n                                                                                    <\/div>\n                                    <div class=\"gradient-wrapper\">\n                        <div class=\"custom-pager\">\n                            <div class=\"more prev-stage\">\n                                <span><span class=\"icon icon-arrow\"><\/span><\/span>\n                            <\/div>\n                            <span class=\"max-slides\"><\/span>\n                            <div class=\"more next-stage\">\n                                <span><span class=\"icon icon-arrow\"><\/span><\/span>\n                            <\/div>\n                        <\/div>\n                    <\/div>\n                            <\/div>\n        <\/div>\n    \n    <\/section>\n\n\n\n    <section id=\"text-default-block-block_449bcbe50a7948c8ea87b576ee5e6cbb\" class=\"container-fluid text-default text-default-block\">\n        <div class=\"inner-container\">\n            <div class=\"container-fluid\">\n                <div class=\"container\">\n                    <div class=\"row\">\n                        <div class=\"col col-sm-10 offset-sm-1 offset-lg-2 col-lg-8\">\n\n                            \n                                                                                                        <header class=\"row headline-wrapper\">\n                                        <div class=\"col\">\n                                            <h2 class=\"h2\">\n                                                #FemaleFounder \ud83c\udfafFAQ-Session am 23.03.2026 : Dein Sprungbrett in die Gr\u00fcnderwelt!                                            <\/h2>\n                                        <\/div>\n                                    <\/header>\n                                \n                                \n                                \n                                \n                            \n                                \n                                \n                                \n                                    \n                                    <div class=\"row text-wrapper container-69e5e07d76b1b\">\n\n                                        \n                                            \n                                            \n                                            \n                                                                                                                                                                                                <div class=\"col text\">\n                                                        <p><span class=\"react-editor-token react-editor-text-token\" data-token-id=\"2\">Neue Impulse f\u00fcr Gr\u00fcnderinnen! <\/span><span class=\"react-editor-token react-editor-emoticon-token\" data-token-id=\"3\">\ud83d\udca1<\/span><span class=\"react-editor-token react-editor-emoticon-token\" data-token-id=\"4\">\u2728<\/span><\/p>\n<p><span class=\"react-editor-token react-editor-text-token\" data-token-id=\"5\">Die TU Darmstadt und ihre Partner starten im EXIST Women-Programm durch! Gemeinsam mit der Goethe-Universit\u00e4t Frankfurt, der Hochschule Darmstadt und dem Innovations- und Gr\u00fcndungszentrum HIGHEST unterst\u00fctzt EXIST Women gezielt Studentinnen, Wissenschaftlerinnen und Doktorandinnen, die ihre innovativen Ideen in ein Start-up verwandeln oder als Co-Founder:innen durchstarten m\u00f6chten. <\/span><span class=\"react-editor-token react-editor-emoticon-token\" data-token-id=\"6\">\ud83d\udcbc<\/span><span class=\"react-editor-token react-editor-emoticon-token\" data-token-id=\"7\">\ud83d\udc69\u200d\ud83d\udcbb<\/span><\/p>\n<p><span class=\"react-editor-token react-editor-emoticon-token\" data-token-id=\"9\">\ud83d\udd39<\/span><span class=\"react-editor-token react-editor-text-token\" data-token-id=\"10\"> Workshops &amp; Coaching f\u00fcr deine pers\u00f6nliche und unternehmerische Entwicklung <\/span><\/p>\n<p><span class=\"react-editor-token react-editor-emoticon-token\" data-token-id=\"11\">\ud83d\udd39<\/span><span class=\"react-editor-token react-editor-text-token\" data-token-id=\"12\"> Mentoring &amp; Netzwerk mit erfahrenen Gr\u00fcnderinnen und Expert:innen <\/span><\/p>\n<p><span class=\"react-editor-token react-editor-emoticon-token\" data-token-id=\"13\">\ud83d\udd39<\/span><span class=\"react-editor-token react-editor-text-token\" data-token-id=\"14\"> Finanzielle Unterst\u00fctzung: Bis zu 3.000\u202f\u20ac Stipendium pro Monat <\/span><span class=\"react-editor-token react-editor-emoticon-token\" data-token-id=\"15\">\ud83d\udcb0<\/span> <span class=\"react-editor-token react-editor-emoticon-token\" data-token-id=\"17\">\ud83d\udc49<\/span><span class=\"react-editor-token react-editor-text-token\" data-token-id=\"18\"> Bewerbungsfrist: 31. M\u00e4rz 2026 \u2013 auch ohne konkrete Idee z\u00e4hlt vor allem dein Unternehmergeist! <\/span><\/p>\n<p><span class=\"react-editor-token react-editor-text-token\" data-token-id=\"18\">Du hast noch Fragen? Dann sei dabei bei unserer n\u00e4chsten FAQ-Session am 10.03.2026 und erfahre, wie EXIST Women dein Gr\u00fcndungspotenzial entfalten kann!<\/span><\/p>\n<p>Anmeldung und Info bei Simone L\u00fchl, HIGHEST: simone.luehl@tu-darmstadt.de<\/p>\n                                                    <\/div>\n                                                                                            \n                                            \n                                        \n                                    <\/div>\n\n                                \n                                \n                            \n                                \n                                \n                                \n                                \n                                                                                                                <div class=\"row link-wrapper\">\n                                                                                            <div class=\"col button-content\">\n                                                    <a class=\"button button-primary\" href=\"https:\/\/highest-darmstadt.de\/de\/anmeldung\/faq-exist-women-23-03-2026\/\" title=\"Anmeldung\" >Anmeldung<\/a>\n                                                <\/div>\n                                                                                                                                <\/div>\n                                    \n                                \n                            \n                        <\/div>\n                    <\/div>\n                <\/div>\n            <\/div>\n        <\/div>\n    <\/section>\n\n","protected":false},"excerpt":{"rendered":"","protected":false},"author":23,"featured_media":28292,"parent":753,"menu_order":0,"comment_status":"closed","ping_status":"closed","template":"","meta":{"_acf_changed":false,"inline_featured_image":false,"footnotes":""},"class_list":["post-34812","page","type-page","status-publish","has-post-thumbnail","hentry"],"acf":[],"_links":{"self":[{"href":"https:\/\/highest-darmstadt.de\/de\/wp-json\/wp\/v2\/pages\/34812","targetHints":{"allow":["GET"]}}],"collection":[{"href":"https:\/\/highest-darmstadt.de\/de\/wp-json\/wp\/v2\/pages"}],"about":[{"href":"https:\/\/highest-darmstadt.de\/de\/wp-json\/wp\/v2\/types\/page"}],"author":[{"embeddable":true,"href":"https:\/\/highest-darmstadt.de\/de\/wp-json\/wp\/v2\/users\/23"}],"replies":[{"embeddable":true,"href":"https:\/\/highest-darmstadt.de\/de\/wp-json\/wp\/v2\/comments?post=34812"}],"version-history":[{"count":3,"href":"https:\/\/highest-darmstadt.de\/de\/wp-json\/wp\/v2\/pages\/34812\/revisions"}],"predecessor-version":[{"id":35102,"href":"https:\/\/highest-darmstadt.de\/de\/wp-json\/wp\/v2\/pages\/34812\/revisions\/35102"}],"up":[{"embeddable":true,"href":"https:\/\/highest-darmstadt.de\/de\/wp-json\/wp\/v2\/pages\/753"}],"wp:featuredmedia":[{"embeddable":true,"href":"https:\/\/highest-darmstadt.de\/de\/wp-json\/wp\/v2\/media\/28292"}],"wp:attachment":[{"href":"https:\/\/highest-darmstadt.de\/de\/wp-json\/wp\/v2\/media?parent=34812"}],"curies":[{"name":"wp","href":"https:\/\/api.w.org\/{rel}","templated":true}]}}